{"id":2598,"date":"2021-01-26T15:19:03","date_gmt":"2021-01-26T14:19:03","guid":{"rendered":"https:\/\/www.stauds.com\/impressum\/"},"modified":"2022-12-15T15:57:16","modified_gmt":"2022-12-15T14:57:16","slug":"imprint","status":"publish","type":"page","link":"https:\/\/www.stauds.com\/en\/imprint\/","title":{"rendered":"Imprint"},"content":{"rendered":"<h2>STAUD\u2018S GMBH<\/h2>\n<p>Herstellung und Vertrieb von Konfit\u00fcren und Sauergem\u00fcse<\/p>\n<p><strong>UID<\/strong>: ATU61864469<br \/>\n<strong>FB-Nr<\/strong>.: 256051x<br \/>\n<strong>FB-Gericht<\/strong>: Wien<br \/>\n<strong>Firmensitz<\/strong>:<br \/>\nHubergasse 3<br \/>\nA-1160 Wien<br \/>\nTel.: <a href=\"tel:+43140688050\">+43 1 4068805-0<\/a><br \/>\nFax: +43 1 4068805-12<br \/>\nE-Mail: <a href=\"mailto:office@stauds.com\">office@stauds.com<\/a><\/p>\n<p>Mitglied der Bundesinnung der Lebensmittelgewerbe<\/p>\n<p><a href=\"http:\/\/www.lebensmittelgewerbe.at\" target=\"_blank\" rel=\"noopener\">www.lebensmittelgewerbe.at<\/a><\/p>\n<p><strong>Gesch\u00e4ftsf\u00fchrer<\/strong>:<\/p>\n<p>Stefan Schauer<\/p>\n<p>J\u00fcrgen Hagenauer<\/p>\n","protected":false},"excerpt":{"rendered":"<p>STAUD\u2018S GMBH Herstellung und Vertrieb von Konfit\u00fcren und Sauergem\u00fcse UID: ATU61864469 FB-Nr.: 256051x FB-Gericht: Wien Firmensitz: Hubergasse 3 A-1160 Wien Tel.: +43 1 4068805-0 Fax: +43 1 4068805-12 E-Mail: office@stauds.com Mitglied der Bundesinnung der Lebensmittelgewerbe www.lebensmittelgewerbe.at Gesch\u00e4ftsf\u00fchrer: Stefan Schauer J\u00fcrgen Hagenauer<\/p>\n","protected":false},"author":1,"featured_media":0,"parent":0,"menu_order":1000,"comment_status":"closed","ping_status":"closed","template":"","meta":{"_acf_changed":false,"footnotes":""},"class_list":["post-2598","page","type-page","status-publish","hentry"],"acf":[],"_links":{"self":[{"href":"https:\/\/www.stauds.com\/en\/wp-json\/wp\/v2\/pages\/2598","targetHints":{"allow":["GET"]}}],"collection":[{"href":"https:\/\/www.stauds.com\/en\/wp-json\/wp\/v2\/pages"}],"about":[{"href":"https:\/\/www.stauds.com\/en\/wp-json\/wp\/v2\/types\/page"}],"author":[{"embeddable":true,"href":"https:\/\/www.stauds.com\/en\/wp-json\/wp\/v2\/users\/1"}],"replies":[{"embeddable":true,"href":"https:\/\/www.stauds.com\/en\/wp-json\/wp\/v2\/comments?post=2598"}],"version-history":[{"count":1,"href":"https:\/\/www.stauds.com\/en\/wp-json\/wp\/v2\/pages\/2598\/revisions"}],"predecessor-version":[{"id":3105,"href":"https:\/\/www.stauds.com\/en\/wp-json\/wp\/v2\/pages\/2598\/revisions\/3105"}],"wp:attachment":[{"href":"https:\/\/www.stauds.com\/en\/wp-json\/wp\/v2\/media?parent=2598"}],"curies":[{"name":"wp","href":"https:\/\/api.w.org\/{rel}","templated":true}]}}